{"id":44,"date":"2024-08-07T13:56:34","date_gmt":"2024-08-07T11:56:34","guid":{"rendered":"https:\/\/futurenow.berlin\/impressum\/"},"modified":"2024-08-08T13:41:16","modified_gmt":"2024-08-08T11:41:16","slug":"imprint","status":"publish","type":"page","link":"https:\/\/futurenow.berlin\/en\/imprint\/","title":{"rendered":"Imprint"},"content":{"rendered":"<p><strong>Verantwortlich f\u00fcr den Inhalt gem\u00e4\u00df \u00a7 55 Abs. 2 RStV<\/strong><\/p>\n<p>Dr. Gabriele Minz GmbH<br \/>\nMeierottostra\u00dfe 6 \u00b7 10719 Berlin<br \/>\nGesch\u00e4ftsf\u00fchrerin: Dr. Gabriele Minz<\/p>\n<p>Inhaltliche Betreuung<br \/>\nStephanie Fuchs<br \/>\nTel.: +49 (0)30\u00a0 88 47 139 12<br \/>\n<a href=\"mailto:stephanie.fuchs@minzgmbh.de\">stephanie.fuchs@minzgmbh.de<\/a><\/p>\n<p><strong>Haftungsausschluss<\/strong><br \/>\nHaftungsausschluss (<a href=\"https:\/\/futurenow.berlin\/wp-content\/uploads\/2024\/08\/Haftungsausschuss.pdf\">PDF<\/a>)<\/p>\n<p><strong>Kampagnen- und Webdesign<\/strong><br \/>\nbetterbuero<br \/>\nHauptstra\u00dfe 8 \/ Meisenbach H\u00f6fe<br \/>\n10827 Berlin<br \/>\nwww.betterbuero.com<br \/>\ninfo@betterbuero.com<\/p>\n<p><strong>Web-Programmierung<\/strong><br \/>\nMartin Samlinski<br \/>\nSchillerpromenade 3<br \/>\n12049 Berlin<br \/>\nSamlinski.de<br \/>\ninfo@samlinski.de<\/p>\n","protected":false},"excerpt":{"rendered":"<p>Verantwortlich f\u00fcr den Inhalt gem\u00e4\u00df \u00a7 55 Abs. 2 RStV Dr. Gabriele Minz GmbH Meierottostra\u00dfe 6 \u00b7 10719 Berlin Gesch\u00e4ftsf\u00fchrerin: Dr. Gabriele Minz Inhaltliche Betreuung Stephanie Fuchs Tel.: +49 (0)30\u00a0 88 47 139 12 stephanie.fuchs@minzgmbh.de Haftungsausschluss Haftungsausschluss (PDF) Kampagnen- und Webdesign betterbuero Hauptstra\u00dfe 8 \/ Meisenbach H\u00f6fe 10827 Berlin www.betterbuero.com info@betterbuero.com Web-Programmierung Martin Samlinski Schillerpromenade [&hellip;]<\/p>\n","protected":false},"author":1,"featured_media":0,"parent":0,"menu_order":0,"comment_status":"closed","ping_status":"closed","template":"","meta":{"_acf_changed":false,"footnotes":""},"class_list":["post-44","page","type-page","status-publish","hentry"],"acf":[],"_links":{"self":[{"href":"https:\/\/futurenow.berlin\/en\/wp-json\/wp\/v2\/pages\/44","targetHints":{"allow":["GET"]}}],"collection":[{"href":"https:\/\/futurenow.berlin\/en\/wp-json\/wp\/v2\/pages"}],"about":[{"href":"https:\/\/futurenow.berlin\/en\/wp-json\/wp\/v2\/types\/page"}],"author":[{"embeddable":true,"href":"https:\/\/futurenow.berlin\/en\/wp-json\/wp\/v2\/users\/1"}],"replies":[{"embeddable":true,"href":"https:\/\/futurenow.berlin\/en\/wp-json\/wp\/v2\/comments?post=44"}],"version-history":[{"count":3,"href":"https:\/\/futurenow.berlin\/en\/wp-json\/wp\/v2\/pages\/44\/revisions"}],"predecessor-version":[{"id":87,"href":"https:\/\/futurenow.berlin\/en\/wp-json\/wp\/v2\/pages\/44\/revisions\/87"}],"wp:attachment":[{"href":"https:\/\/futurenow.berlin\/en\/wp-json\/wp\/v2\/media?parent=44"}],"curies":[{"name":"wp","href":"https:\/\/api.w.org\/{rel}","templated":true}]}}